{"id":8554,"date":"2014-07-11T17:03:11","date_gmt":"2014-07-11T17:03:11","guid":{"rendered":"http:\/\/skol.ca\/?page_id=8554"},"modified":"2014-07-16T20:45:29","modified_gmt":"2014-07-16T20:45:29","slug":"list-of-members","status":"publish","type":"page","link":"https:\/\/skol.ca\/en\/list-of-members\/","title":{"rendered":"LIST OF MEMBERS"},"content":{"rendered":"<p>Charlotte Panaccio-Letendre<br \/>\nSophie Castonguay<br \/>\n<a href=\"http:\/\/skol.ca\/en\/members\/edith-brunette\/\">Edith Brunette<br \/>\n<\/a>V\u00e9ronique L\u00e9vesque-Pelletier<br \/>\n<a href=\"http:\/\/skol.ca\/en\/members\/david-court\/\">David Court<br \/>\n<\/a><a href=\"http:\/\/skol.ca\/en\/members\/mugluck\/\">M\u00fcgluck<br \/>\n<\/a>Kristi Ropeleski<br \/>\n<a href=\"http:\/\/skol.ca\/en\/members\/etiennedemassy\/\">\u00c9tienne de Massy<br \/>\n<\/a>Manoushka Larouche<br \/>\nNicole Marcoux<br \/>\nYuriel Amaro<br \/>\n<a href=\"http:\/\/skol.ca\/en\/members\/eve-dorais\/\">\u00c8ve Dorais<\/a><\/p>\n","protected":false},"excerpt":{"rendered":"<p>Charlotte Panaccio-Letendre Sophie Castonguay Edith Brunette V\u00e9ronique L\u00e9vesque-Pelletier David Court M\u00fcgluck Kristi Ropeleski \u00c9tienne de Massy Manoushka Larouche Nicole Marcoux Yuriel Amaro \u00c8ve Dorais<\/p>\n","protected":false},"author":1,"featured_media":0,"parent":0,"menu_order":0,"comment_status":"closed","ping_status":"open","template":"","meta":{"_acf_changed":false,"ngg_post_thumbnail":0,"footnotes":""},"class_list":["post-8554","page","type-page","status-publish","hentry"],"acf":[],"yoast_head":"<!-- This site is optimized with the Yoast SEO plugin v27.4 - https:\/\/yoast.com\/product\/yoast-seo-wordpress\/ -->\n<title>LIST OF MEMBERS - Centre des arts actuels SKOL<\/title>\n<meta name=\"robots\" content=\"index, follow, max-snippet:-1, max-image-preview:large, max-video-preview:-1\" \/>\n<link rel=\"canonical\" href=\"https:\/\/skol.ca\/en\/list-of-members\/\" \/>\n<meta name=\"twitter:card\" content=\"summary_large_image\" \/>\n<meta name=\"twitter:title\" content=\"LIST OF MEMBERS - Centre des arts actuels SKOL\" \/>\n<meta name=\"twitter:description\" content=\"Charlotte Panaccio-Letendre Sophie Castonguay Edith Brunette V\u00e9ronique L\u00e9vesque-Pelletier David Court M\u00fcgluck Kristi Ropeleski \u00c9tienne de Massy Manoushka Larouche Nicole Marcoux Yuriel Amaro \u00c8ve Dorais\" \/>\n<script type=\"application\/ld+json\" class=\"yoast-schema-graph\">{\"@context\":\"https:\\\/\\\/schema.org\",\"@graph\":[{\"@type\":\"WebPage\",\"@id\":\"https:\\\/\\\/skol.ca\\\/en\\\/list-of-members\\\/\",\"url\":\"https:\\\/\\\/skol.ca\\\/en\\\/list-of-members\\\/\",\"name\":\"LIST OF MEMBERS - Centre des arts actuels SKOL\",\"isPartOf\":{\"@id\":\"https:\\\/\\\/skol.ca\\\/#website\"},\"datePublished\":\"2014-07-11T17:03:11+00:00\",\"dateModified\":\"2014-07-16T20:45:29+00:00\",\"breadcrumb\":{\"@id\":\"https:\\\/\\\/skol.ca\\\/en\\\/list-of-members\\\/#breadcrumb\"},\"inLanguage\":\"en-US\",\"potentialAction\":[{\"@type\":\"ReadAction\",\"target\":[\"https:\\\/\\\/skol.ca\\\/en\\\/list-of-members\\\/\"]}]},{\"@type\":\"BreadcrumbList\",\"@id\":\"https:\\\/\\\/skol.ca\\\/en\\\/list-of-members\\\/#breadcrumb\",\"itemListElement\":[{\"@type\":\"ListItem\",\"position\":1,\"name\":\"Home\",\"item\":\"https:\\\/\\\/skol.ca\\\/\"},{\"@type\":\"ListItem\",\"position\":2,\"name\":\"LIST OF MEMBERS\"}]},{\"@type\":\"WebSite\",\"@id\":\"https:\\\/\\\/skol.ca\\\/#website\",\"url\":\"https:\\\/\\\/skol.ca\\\/\",\"name\":\"Centre des arts actuels SKOL\",\"description\":\"SKOL est un centre d\u2019artistes \u00e0 but non-lucratif qui soutient les pratiques \u00e9mergentes et l\u2019exp\u00e9rimentation en arts visuels.\",\"potentialAction\":[{\"@type\":\"SearchAction\",\"target\":{\"@type\":\"EntryPoint\",\"urlTemplate\":\"https:\\\/\\\/skol.ca\\\/?s={search_term_string}\"},\"query-input\":{\"@type\":\"PropertyValueSpecification\",\"valueRequired\":true,\"valueName\":\"search_term_string\"}}],\"inLanguage\":\"en-US\"}]}<\/script>\n<!-- \/ Yoast SEO plugin. -->","yoast_head_json":{"title":"LIST OF MEMBERS - Centre des arts actuels SKOL","robots":{"index":"index","follow":"follow","max-snippet":"max-snippet:-1","max-image-preview":"max-image-preview:large","max-video-preview":"max-video-preview:-1"},"canonical":"https:\/\/skol.ca\/en\/list-of-members\/","twitter_card":"summary_large_image","twitter_title":"LIST OF MEMBERS - Centre des arts actuels SKOL","twitter_description":"Charlotte Panaccio-Letendre Sophie Castonguay Edith Brunette V\u00e9ronique L\u00e9vesque-Pelletier David Court M\u00fcgluck Kristi Ropeleski \u00c9tienne de Massy Manoushka Larouche Nicole Marcoux Yuriel Amaro \u00c8ve Dorais","schema":{"@context":"https:\/\/schema.org","@graph":[{"@type":"WebPage","@id":"https:\/\/skol.ca\/en\/list-of-members\/","url":"https:\/\/skol.ca\/en\/list-of-members\/","name":"LIST OF MEMBERS - Centre des arts actuels SKOL","isPartOf":{"@id":"https:\/\/skol.ca\/#website"},"datePublished":"2014-07-11T17:03:11+00:00","dateModified":"2014-07-16T20:45:29+00:00","breadcrumb":{"@id":"https:\/\/skol.ca\/en\/list-of-members\/#breadcrumb"},"inLanguage":"en-US","potentialAction":[{"@type":"ReadAction","target":["https:\/\/skol.ca\/en\/list-of-members\/"]}]},{"@type":"BreadcrumbList","@id":"https:\/\/skol.ca\/en\/list-of-members\/#breadcrumb","itemListElement":[{"@type":"ListItem","position":1,"name":"Home","item":"https:\/\/skol.ca\/"},{"@type":"ListItem","position":2,"name":"LIST OF MEMBERS"}]},{"@type":"WebSite","@id":"https:\/\/skol.ca\/#website","url":"https:\/\/skol.ca\/","name":"Centre des arts actuels SKOL","description":"SKOL est un centre d\u2019artistes \u00e0 but non-lucratif qui soutient les pratiques \u00e9mergentes et l\u2019exp\u00e9rimentation en arts visuels.","potentialAction":[{"@type":"SearchAction","target":{"@type":"EntryPoint","urlTemplate":"https:\/\/skol.ca\/?s={search_term_string}"},"query-input":{"@type":"PropertyValueSpecification","valueRequired":true,"valueName":"search_term_string"}}],"inLanguage":"en-US"}]}},"_links":{"self":[{"href":"https:\/\/skol.ca\/en\/wp-json\/wp\/v2\/pages\/8554","targetHints":{"allow":["GET"]}}],"collection":[{"href":"https:\/\/skol.ca\/en\/wp-json\/wp\/v2\/pages"}],"about":[{"href":"https:\/\/skol.ca\/en\/wp-json\/wp\/v2\/types\/page"}],"author":[{"embeddable":true,"href":"https:\/\/skol.ca\/en\/wp-json\/wp\/v2\/users\/1"}],"replies":[{"embeddable":true,"href":"https:\/\/skol.ca\/en\/wp-json\/wp\/v2\/comments?post=8554"}],"version-history":[{"count":10,"href":"https:\/\/skol.ca\/en\/wp-json\/wp\/v2\/pages\/8554\/revisions"}],"predecessor-version":[{"id":8663,"href":"https:\/\/skol.ca\/en\/wp-json\/wp\/v2\/pages\/8554\/revisions\/8663"}],"wp:attachment":[{"href":"https:\/\/skol.ca\/en\/wp-json\/wp\/v2\/media?parent=8554"}],"curies":[{"name":"wp","href":"https:\/\/api.w.org\/{rel}","templated":true}]}}